{"id":35,"date":"2020-03-19T13:42:21","date_gmt":"2020-03-19T13:42:21","guid":{"rendered":"https:\/\/crm.garibaldi-energie.com\/?page_id=35"},"modified":"2020-09-12T09:26:26","modified_gmt":"2020-09-12T09:26:26","slug":"home-page","status":"publish","type":"page","link":"https:\/\/backoffice.garibaldi-energie.com\/","title":{"rendered":"Home page"},"content":{"rendered":"<p>[vc_row expanded=\u00a0\u00bb2&Prime; css=\u00a0\u00bb.vc_custom_1586019345509{background-color: #ffffff !important;}\u00a0\u00bb][vc_column][vc_single_image image=\u00a0\u00bb395&Prime; img_size=\u00a0\u00bb\u00a0\u00bb alignment=\u00a0\u00bbcenter\u00a0\u00bb][\/vc_column][\/vc_row][vc_row full_width=\u00a0\u00bbstretch_row\u00a0\u00bb equal_height=\u00a0\u00bbyes\u00a0\u00bb content_placement=\u00a0\u00bbmiddle\u00a0\u00bb expanded=\u00a0\u00bb2&Prime; background_style=\u00a0\u00bbcover\u00a0\u00bb css=\u00a0\u00bb.vc_custom_1599902780513{background: #eaeaea url(https:\/\/backoffice.garibaldi-energie.com\/wp-content\/uploads\/2020\/09\/bg-slide.jpg?id=398) !important;}\u00a0\u00bb background_image=\u00a0\u00bb94&Prime;][vc_column width=\u00a0\u00bb2\/3&Prime; css=\u00a0\u00bb.vc_custom_1584980236377{background-color: rgba(12,12,12,0.4) !important;*background-color: rgb(12,12,12) !important;}\u00a0\u00bb offset=\u00a0\u00bbvc_hidden-sm vc_hidden-xs\u00a0\u00bb]<div class=\"fancy_heading fancy_heading_line\"><h1 class=\"title\">Bienvenue sur notre Back Office<\/h1><\/div>\n[vc_column_text]<\/p>\n<p style=\"text-align: center;\"><span style=\"color: #ffffff;\">Ce site est r\u00e9serv\u00e9 aux \u00e9quipes commerciales travaillant avec Garibaldi Energie.<\/span><\/p>\n<p style=\"text-align: center;\"><span style=\"color: #ffffff;\">Pour de plus amples informations merci de nous contacter :<\/span><\/p>\n<p style=\"text-align: center;\"><span style=\"color: #ffffff;\">info [a] garibaldi-energie.com<\/span><\/p>\n<p>[\/vc_column_text][\/vc_column][vc_column width=\u00a0\u00bb1\/3&Prime; css=\u00a0\u00bb.vc_custom_1584979815793{background-color: #d8d8d8 !important;}\u00a0\u00bb][vc_column_text]<div class=\"ihc-login-form-wrap ihc-login-template-13\"><form action=\"\" method=\"post\" id=\"ihc_login_form\"><input type=\"hidden\" name=\"ihcaction\" value=\"login\" \/><input type=\"hidden\" name=\"ihc_login_nonce\" value=\"d1e11a1bf4\" \/><div class=\"impu-form-line-fr\"><span class=\"impu-form-label-fr impu-form-label-username\">Username or Email<\/span><input type=\"text\" value=\"\" id=\"iump_login_username\" name=\"log\" \/><\/div><div class=\"impu-form-line-fr\" style=\"margin-bottom:30px;\"><span class=\"impu-form-label-fr impu-form-label-pass\">Mot de passe<\/span><input type=\"password\" value=\"\" id=\"iump_login_password\" name=\"pwd\" \/><\/div><div class=\"impu-temp5-row\"><div class=\"impu-remember-wrapper\"><input type=\"checkbox\" value=\"forever\" name=\"rememberme\" class=\"impu-form-input-remember\" \/><span class=\"impu-form-label-fr impu-form-label-remember\">Keep me signed in<\/span> <\/div><\/div><div class=\"impu-temp5-row\"><div class=\"impu-temp5-row-left\"><div class=\"impu-form-submit\"><input type=\"submit\" value=\"Se connecter\" name=\"Submit\" \/><\/div><\/div><div class=\"iump-clear\"><\/div><\/div><div class=\"impu-temp5-row\"><div class=\"impu-form-links-pass\"><a href=\"https:\/\/backoffice.garibaldi-energie.com\/index.php\/iump-reset-password\/\">Mot de passe oubli\u00e9 ?<\/a><\/div><\/div><\/form><\/div><script>\n\t\tjQuery(document).ready(\n\t\t\tfunction(){\n\t\t\t\tjQuery('#iump_login_username').on('blur', function(){\n\t\t\t\t\tihcCheckLoginField('log', 'Please complete all required fields!');\n\t\t\t\t});\n\t\t\t\tjQuery('#iump_login_password').on('blur', function(){\n\t\t\t\t\tihcCheckLoginField('pwd', 'Please complete all required fields!');\n\t\t\t\t});\n\t\t\t\tjQuery('#ihc_login_form').on('submit', function(e){\n\t\t\t\t\te.preventDefault();\n\t\t\t\t\tvar u = jQuery('#ihc_login_form [name=log]').val();\n\t\t\t\t\tvar p = jQuery('#ihc_login_form [name=pwd]').val();\n\t\t\t\t\tif (u!='' && p!=''){\n\t\t\t\t\t\tjQuery('#ihc_login_form').unbind('submit').submit();\n\t\t\t\t\t} else {\n\t\t\t\t\t\tihcCheckLoginField('log', 'Please complete all required fields!');\n\t\t\t\t\t\tihcCheckLoginField('pwd', 'Please complete all required fields!');\n\t\t\t\t\t\treturn FALSE;\n\t\t\t\t\t}\n\t\t\t\t});\n\t\t\t}\n\t\t);\n\t<\/script>[\/vc_column_text][\/vc_column][\/vc_row][vc_row][vc_column css=\u00a0\u00bb.vc_custom_1584979878621{margin-top: 35px !important;}\u00a0\u00bb][vc_column_text]<\/p>\n<p style=\"text-align: center;\">Garibaldi \u00e9nergie est un service de KMC invest \u2013 27 rue barla 06300 Nice<\/p>\n<p>[\/vc_column_text][\/vc_column][\/vc_row]<\/p>\n","protected":false},"excerpt":{"rendered":"<p>[vc_row expanded=\u00a0\u00bb2&Prime; css=\u00a0\u00bb.vc_custom_1586019345509{background-color: #ffffff !important;}\u00a0\u00bb][vc_column][vc_single_image image=\u00a0\u00bb395&Prime; img_size=\u00a0\u00bb\u00a0\u00bb alignment=\u00a0\u00bbcenter\u00a0\u00bb][\/vc_column][\/vc_row][vc_row full_width=\u00a0\u00bbstretch_row\u00a0\u00bb equal_height=\u00a0\u00bbyes\u00a0\u00bb content_placement=\u00a0\u00bbmiddle\u00a0\u00bb expanded=\u00a0\u00bb2&Prime; background_style=\u00a0\u00bbcover\u00a0\u00bb css=\u00a0\u00bb.vc_custom_1599902780513{background: #eaeaea url(https:\/\/backoffice.garibaldi-energie.com\/wp-content\/uploads\/2020\/09\/bg-slide.jpg?id=398) !important;}\u00a0\u00bb background_image=\u00a0\u00bb94&Prime;][vc_column width=\u00a0\u00bb2\/3&Prime; css=\u00a0\u00bb.vc_custom_1584980236377{background-color: rgba(12,12,12,0.4) !important;*background-color: rgb(12,12,12) !important;}\u00a0\u00bb offset=\u00a0\u00bbvc_hidden-sm vc_hidden-xs\u00a0\u00bb][vc_column_text]<span class=\"excerpt-hellip\"> [\u2026]<\/span><\/p>\n","protected":false},"author":1,"featured_media":0,"parent":0,"menu_order":0,"comment_status":"closed","ping_status":"closed","template":"template-blank.php","meta":[],"_links":{"self":[{"href":"https:\/\/backoffice.garibaldi-energie.com\/index.php\/wp-json\/wp\/v2\/pages\/35"}],"collection":[{"href":"https:\/\/backoffice.garibaldi-energie.com\/index.php\/wp-json\/wp\/v2\/pages"}],"about":[{"href":"https:\/\/backoffice.garibaldi-energie.com\/index.php\/wp-json\/wp\/v2\/types\/page"}],"author":[{"embeddable":true,"href":"https:\/\/backoffice.garibaldi-energie.com\/index.php\/wp-json\/wp\/v2\/users\/1"}],"replies":[{"embeddable":true,"href":"https:\/\/backoffice.garibaldi-energie.com\/index.php\/wp-json\/wp\/v2\/comments?post=35"}],"version-history":[{"count":4,"href":"https:\/\/backoffice.garibaldi-energie.com\/index.php\/wp-json\/wp\/v2\/pages\/35\/revisions"}],"predecessor-version":[{"id":400,"href":"https:\/\/backoffice.garibaldi-energie.com\/index.php\/wp-json\/wp\/v2\/pages\/35\/revisions\/400"}],"wp:attachment":[{"href":"https:\/\/backoffice.garibaldi-energie.com\/index.php\/wp-json\/wp\/v2\/media?parent=35"}],"curies":[{"name":"wp","href":"https:\/\/api.w.org\/{rel}","templated":true}]}}